{"id":700,"date":"2018-09-26T08:48:07","date_gmt":"2018-09-26T08:48:07","guid":{"rendered":"https:\/\/storchenschenke.at\/?page_id=700"},"modified":"2025-09-29T16:26:55","modified_gmt":"2025-09-29T16:26:55","slug":"home-2","status":"publish","type":"page","link":"https:\/\/storchenschenke.at\/","title":{"rendered":"Home"},"content":{"rendered":"\t\t<div data-elementor-type=\"wp-page\" data-elementor-id=\"700\" class=\"elementor elementor-700\">\n\t\t\t\t\t\t<section class=\"elementor-section elementor-top-section elementor-element elementor-element-ac57cd9 elementor-section-height-full elementor-section-boxed elementor-section-height-default elementor-section-items-middle\" data-id=\"ac57cd9\" data-element_type=\"section\" data-e-type=\"section\" data-settings=\"{&quot;background_background&quot;:&quot;slideshow&quot;,&quot;background_slideshow_gallery&quot;:[{&quot;id&quot;:894,&quot;url&quot;:&quot;https:\\\/\\\/storchenschenke.at\\\/wp-content\\\/uploads\\\/2021\\\/09\\\/hof1.jpg&quot;},{&quot;id&quot;:714,&quot;url&quot;:&quot;https:\\\/\\\/storchenschenke.at\\\/wp-content\\\/uploads\\\/2020\\\/11\\\/gaststube-14-scaled.jpg&quot;},{&quot;id&quot;:893,&quot;url&quot;:&quot;https:\\\/\\\/storchenschenke.at\\\/wp-content\\\/uploads\\\/2021\\\/09\\\/Gansltisch.jpg&quot;},{&quot;id&quot;:891,&quot;url&quot;:&quot;https:\\\/\\\/storchenschenke.at\\\/wp-content\\\/uploads\\\/2021\\\/09\\\/Gansl.jpeg&quot;}],&quot;background_slideshow_transition_duration&quot;:1000,&quot;background_slideshow_loop&quot;:&quot;yes&quot;,&quot;background_slideshow_slide_duration&quot;:5000,&quot;background_slideshow_slide_transition&quot;:&quot;fade&quot;}\">\n\t\t\t\t\t\t\t<div class=\"elementor-background-overlay\"><\/div>\n\t\t\t\t\t\t\t<div class=\"elementor-container elementor-column-gap-no\">\n\t\t\t\t\t<div class=\"elementor-column elementor-col-100 elementor-top-column elementor-element elementor-element-679da210\" data-id=\"679da210\" data-element_type=\"column\" data-e-type=\"column\" data-settings=\"{&quot;background_background&quot;:&quot;classic&quot;}\">\n\t\t\t<div class=\"elementor-widget-wrap elementor-element-populated\">\n\t\t\t\t\t\t<div class=\"elementor-element elementor-element-acfd570 elementor-widget elementor-widget-image\" data-id=\"acfd570\" data-element_type=\"widget\" data-e-type=\"widget\" data-widget_type=\"image.default\">\n\t\t\t\t<div class=\"elementor-widget-container\">\n\t\t\t\t\t\t\t\t\t\t\t\t\t\t\t<img fetchpriority=\"high\" decoding=\"async\" width=\"1024\" height=\"1024\" src=\"https:\/\/storchenschenke.at\/wp-content\/uploads\/2024\/09\/Transparent-background-logo-01-01-1024x1024.png\" class=\"attachment-large size-large wp-image-1055\" alt=\"\" srcset=\"https:\/\/storchenschenke.at\/wp-content\/uploads\/2024\/09\/Transparent-background-logo-01-01-1024x1024.png 1024w, https:\/\/storchenschenke.at\/wp-content\/uploads\/2024\/09\/Transparent-background-logo-01-01-300x300.png 300w, https:\/\/storchenschenke.at\/wp-content\/uploads\/2024\/09\/Transparent-background-logo-01-01-150x150.png 150w, https:\/\/storchenschenke.at\/wp-content\/uploads\/2024\/09\/Transparent-background-logo-01-01-768x768.png 768w, https:\/\/storchenschenke.at\/wp-content\/uploads\/2024\/09\/Transparent-background-logo-01-01-1536x1536.png 1536w, https:\/\/storchenschenke.at\/wp-content\/uploads\/2024\/09\/Transparent-background-logo-01-01-2048x2048.png 2048w\" sizes=\"(max-width: 1024px) 100vw, 1024px\" \/>\t\t\t\t\t\t\t\t\t\t\t\t\t\t\t<\/div>\n\t\t\t\t<\/div>\n\t\t\t\t<div class=\"elementor-element elementor-element-0b0fb21 elementor-widget elementor-widget-heading\" data-id=\"0b0fb21\" data-element_type=\"widget\" data-e-type=\"widget\" data-widget_type=\"heading.default\">\n\t\t\t\t<div class=\"elementor-widget-container\">\n\t\t\t\t\t<h1 class=\"elementor-heading-title elementor-size-default\">Herzlich Willkommen<\/h1>\t\t\t\t<\/div>\n\t\t\t\t<\/div>\n\t\t\t\t\t<\/div>\n\t\t<\/div>\n\t\t\t\t\t<\/div>\n\t\t<\/section>\n\t\t\t\t<section class=\"elementor-section elementor-top-section elementor-element elementor-element-28acd52 elementor-section-boxed elementor-section-height-default elementor-section-height-default\" data-id=\"28acd52\" data-element_type=\"section\" data-e-type=\"section\">\n\t\t\t\t\t\t<div class=\"elementor-container elementor-column-gap-default\">\n\t\t\t\t\t<div class=\"elementor-column elementor-col-100 elementor-top-column elementor-element elementor-element-1964511\" data-id=\"1964511\" data-element_type=\"column\" data-e-type=\"column\">\n\t\t\t<div class=\"elementor-widget-wrap elementor-element-populated\">\n\t\t\t\t\t\t<div class=\"elementor-element elementor-element-dd6bf46 elementor-widget elementor-widget-text-editor\" data-id=\"dd6bf46\" data-element_type=\"widget\" data-e-type=\"widget\" data-widget_type=\"text-editor.default\">\n\t\t\t\t<div class=\"elementor-widget-container\">\n\t\t\t\t\t\t\t\t\t<h3 style=\"color: #ff770f;\" align=\"center\">Wir freuen uns darauf Sie als Gast in unserem Gasthaus sowie in unseren Ferienwohnungen begr\u00fc\u00dfen zu d\u00fcrfen.<\/h3>\t\t\t\t\t\t\t\t<\/div>\n\t\t\t\t<\/div>\n\t\t\t\t<div class=\"elementor-element elementor-element-eb35f0b elementor-widget elementor-widget-text-editor\" data-id=\"eb35f0b\" data-element_type=\"widget\" data-e-type=\"widget\" data-widget_type=\"text-editor.default\">\n\t\t\t\t<div class=\"elementor-widget-container\">\n\t\t\t\t\t\t\t\t\t<p><span style=\"text-decoration: underline;\">\u00d6ffnungszeiten Oktober-Mai<\/span><span style=\"text-decoration: underline;\">:<\/span><\/p>\n<p>Montag, Dienstag und Freitag: &nbsp;&nbsp;&nbsp; ab 15:00 Uhr<br>Sa, So &amp; Feiertage: &nbsp;&nbsp;&nbsp; ab 09:00 Uhr<br>Mittwoch und Donnerstag ist Ruhetag<\/p>\t\t\t\t\t\t\t\t<\/div>\n\t\t\t\t<\/div>\n\t\t\t\t\t<\/div>\n\t\t<\/div>\n\t\t\t\t\t<\/div>\n\t\t<\/section>\n\t\t\t\t<section class=\"elementor-section elementor-top-section elementor-element elementor-element-ec261c0 elementor-section-boxed elementor-section-height-default elementor-section-height-default\" data-id=\"ec261c0\" data-element_type=\"section\" data-e-type=\"section\">\n\t\t\t\t\t\t<div class=\"elementor-container elementor-column-gap-default\">\n\t\t\t\t\t<div class=\"elementor-column elementor-col-100 elementor-top-column elementor-element elementor-element-bab50ac\" data-id=\"bab50ac\" data-element_type=\"column\" data-e-type=\"column\">\n\t\t\t<div class=\"elementor-widget-wrap elementor-element-populated\">\n\t\t\t\t\t\t<div class=\"elementor-element elementor-element-f047163 elementor-widget elementor-widget-shortcode\" data-id=\"f047163\" data-element_type=\"widget\" data-e-type=\"widget\" data-widget_type=\"shortcode.default\">\n\t\t\t\t<div class=\"elementor-widget-container\">\n\t\t\t\t\t\t\t<div class=\"elementor-shortcode\"><div class=\"_df_book df-lite\" id=\"df_972\"  _slug=\"speisekarte\" data-title=\"speisekarte\" wpoptions=\"true\" thumb=\"https:\/\/storchenschenke.at\/wp-content\/uploads\/2023\/02\/Titelbild.png\" thumbtype=\"\" ><\/div><script class=\"df-shortcode-script\" nowprocket type=\"application\/javascript\">window.option_df_972 = {\"outline\":[],\"backgroundColor\":\"#ffff\",\"autoEnableOutline\":\"false\",\"autoEnableThumbnail\":\"false\",\"overwritePDFOutline\":\"false\",\"enableDownload\":\"false\",\"direction\":\"1\",\"pageSize\":\"0\",\"pageMode\":\"1\",\"soundEnable\":\"false\",\"source\":\"https:\\\/\\\/storchenschenke.at\\\/wp-content\\\/uploads\\\/2025\\\/09\\\/WEBSpeisekarte2024.pdf\",\"wpOptions\":\"true\"}; if(window.DFLIP && window.DFLIP.parseBooks){window.DFLIP.parseBooks();}<\/script><\/div>\n\t\t\t\t\t\t<\/div>\n\t\t\t\t<\/div>\n\t\t\t\t\t<\/div>\n\t\t<\/div>\n\t\t\t\t\t<\/div>\n\t\t<\/section>\n\t\t\t\t<\/div>\n\t\t","protected":false},"excerpt":{"rendered":"<p>Herzlich Willkommen Wir freuen uns darauf Sie als Gast in unserem Gasthaus sowie in unseren Ferienwohnungen begr\u00fc\u00dfen zu d\u00fcrfen. \u00d6ffnungszeiten Oktober-Mai: Montag, Dienstag und Freitag: &nbsp;&nbsp;&nbsp; ab 15:00 UhrSa, So &amp; Feiertage: &nbsp;&nbsp;&nbsp; ab 09:00 UhrMittwoch und Donnerstag ist Ruhetag<\/p>\n","protected":false},"author":1,"featured_media":0,"parent":0,"menu_order":0,"comment_status":"closed","ping_status":"closed","template":"","meta":{"footnotes":""},"class_list":["post-700","page","type-page","status-publish","hentry"],"_links":{"self":[{"href":"https:\/\/storchenschenke.at\/index.php?rest_route=\/wp\/v2\/pages\/700","targetHints":{"allow":["GET"]}}],"collection":[{"href":"https:\/\/storchenschenke.at\/index.php?rest_route=\/wp\/v2\/pages"}],"about":[{"href":"https:\/\/storchenschenke.at\/index.php?rest_route=\/wp\/v2\/types\/page"}],"author":[{"embeddable":true,"href":"https:\/\/storchenschenke.at\/index.php?rest_route=\/wp\/v2\/users\/1"}],"replies":[{"embeddable":true,"href":"https:\/\/storchenschenke.at\/index.php?rest_route=%2Fwp%2Fv2%2Fcomments&post=700"}],"version-history":[{"count":143,"href":"https:\/\/storchenschenke.at\/index.php?rest_route=\/wp\/v2\/pages\/700\/revisions"}],"predecessor-version":[{"id":1074,"href":"https:\/\/storchenschenke.at\/index.php?rest_route=\/wp\/v2\/pages\/700\/revisions\/1074"}],"wp:attachment":[{"href":"https:\/\/storchenschenke.at\/index.php?rest_route=%2Fwp%2Fv2%2Fmedia&parent=700"}],"curies":[{"name":"wp","href":"https:\/\/api.w.org\/{rel}","templated":true}]}}