{"id":757,"date":"2020-11-17T08:56:20","date_gmt":"2020-11-17T08:56:20","guid":{"rendered":"https:\/\/storchenschenke.at\/?page_id=757"},"modified":"2025-09-29T16:28:59","modified_gmt":"2025-09-29T16:28:59","slug":"kontakt","status":"publish","type":"page","link":"https:\/\/storchenschenke.at\/?page_id=757","title":{"rendered":"Kontakt"},"content":{"rendered":"\t\t<div data-elementor-type=\"wp-page\" data-elementor-id=\"757\" class=\"elementor elementor-757\">\n\t\t\t\t\t\t<section class=\"elementor-section elementor-top-section elementor-element elementor-element-1173066f elementor-section-boxed elementor-section-height-default elementor-section-height-default\" data-id=\"1173066f\" data-element_type=\"section\" data-e-type=\"section\">\n\t\t\t\t\t\t<div class=\"elementor-container elementor-column-gap-default\">\n\t\t\t\t\t<div class=\"elementor-column elementor-col-100 elementor-top-column elementor-element elementor-element-4b1a7f9a\" data-id=\"4b1a7f9a\" data-element_type=\"column\" data-e-type=\"column\">\n\t\t\t<div class=\"elementor-widget-wrap elementor-element-populated\">\n\t\t\t\t\t\t<div class=\"elementor-element elementor-element-3ded426a elementor-widget elementor-widget-text-editor\" data-id=\"3ded426a\" data-element_type=\"widget\" data-e-type=\"widget\" data-widget_type=\"text-editor.default\">\n\t\t\t\t<div class=\"elementor-widget-container\">\n\t\t\t\t\t\t\t\t\t<p><strong>Storchenschenke<\/strong><br \/>Feldgasse 6<br \/>7071 Rust<\/p>\n<p><!-- \/wp:paragraph --><\/p>\n<p><!-- wp:paragraph --><\/p>\n<p>Tel.: +43 2685 506<br \/>Mobil: +43 664 7952086<\/p>\n<p><!-- \/wp:paragraph --><\/p>\n<p><!-- wp:heading {\"level\":4} --><\/p>\n<h4><span style=\"font-size: 1.46667rem; font-weight: 400;\">\u00d6ffnungszeiten:<\/span><\/h4>\n<p>Wir haben ganzj\u00e4hrig ge\u00f6ffnet!<\/p>\n<p><span style=\"text-decoration: underline;\">Juni-September<\/span>: <br \/>Montag-Freitag: ab 11 Uhr<br \/>Donnerstag Ruhetag<br \/>Samstag, Sonntag und Feiertag: ab 9 Uhr<\/p>\n<p><span style=\"text-decoration: underline;\">Oktober-Mai<\/span>: <br \/>Montag-Freitag: ab 15 Uhr<br \/>Mittwoch und Donnerstag Ruhetag<br \/>Samstag, Sonntag und Feiertag: ab 9 Uhr<\/p>\n<p><!-- \/wp:paragraph --><\/p>\t\t\t\t\t\t\t\t<\/div>\n\t\t\t\t<\/div>\n\t\t\t\t\t<\/div>\n\t\t<\/div>\n\t\t\t\t\t<\/div>\n\t\t<\/section>\n\t\t\t\t<section class=\"elementor-section elementor-top-section elementor-element elementor-element-6604cdc elementor-section-boxed elementor-section-height-default elementor-section-height-default\" data-id=\"6604cdc\" data-element_type=\"section\" data-e-type=\"section\">\n\t\t\t\t\t\t<div class=\"elementor-container elementor-column-gap-default\">\n\t\t\t\t\t<div class=\"elementor-column elementor-col-100 elementor-top-column elementor-element elementor-element-f48710f\" data-id=\"f48710f\" data-element_type=\"column\" data-e-type=\"column\">\n\t\t\t<div class=\"elementor-widget-wrap elementor-element-populated\">\n\t\t\t\t\t\t<div class=\"elementor-element elementor-element-b277b5e elementor-widget elementor-widget-google_maps\" data-id=\"b277b5e\" data-element_type=\"widget\" data-e-type=\"widget\" data-widget_type=\"google_maps.default\">\n\t\t\t\t<div class=\"elementor-widget-container\">\n\t\t\t\t\t\t\t<div class=\"elementor-custom-embed\">\n\t\t\t<iframe loading=\"lazy\"\n\t\t\t\t\tsrc=\"https:\/\/maps.google.com\/maps?q=7071%20Rust%2C%20Feldgasse%206&#038;t=m&#038;z=16&#038;output=embed&#038;iwloc=near\"\n\t\t\t\t\ttitle=\"7071 Rust, Feldgasse 6\"\n\t\t\t\t\taria-label=\"7071 Rust, Feldgasse 6\"\n\t\t\t><\/iframe>\n\t\t<\/div>\n\t\t\t\t\t\t<\/div>\n\t\t\t\t<\/div>\n\t\t\t\t\t<\/div>\n\t\t<\/div>\n\t\t\t\t\t<\/div>\n\t\t<\/section>\n\t\t\t\t<\/div>\n\t\t","protected":false},"excerpt":{"rendered":"<p>StorchenschenkeFeldgasse 67071 Rust Tel.: +43 2685 506Mobil: +43 664 7952086 \u00d6ffnungszeiten: Wir haben ganzj\u00e4hrig ge\u00f6ffnet! Juni-September: Montag-Freitag: ab 11 UhrDonnerstag RuhetagSamstag, Sonntag und Feiertag: ab 9 Uhr Oktober-Mai: Montag-Freitag: ab 15 UhrMittwoch und Donnerstag RuhetagSamstag, Sonntag und Feiertag: ab 9 Uhr<\/p>\n","protected":false},"author":1,"featured_media":0,"parent":0,"menu_order":0,"comment_status":"closed","ping_status":"closed","template":"","meta":{"footnotes":""},"class_list":["post-757","page","type-page","status-publish","hentry"],"_links":{"self":[{"href":"https:\/\/storchenschenke.at\/index.php?rest_route=\/wp\/v2\/pages\/757","targetHints":{"allow":["GET"]}}],"collection":[{"href":"https:\/\/storchenschenke.at\/index.php?rest_route=\/wp\/v2\/pages"}],"about":[{"href":"https:\/\/storchenschenke.at\/index.php?rest_route=\/wp\/v2\/types\/page"}],"author":[{"embeddable":true,"href":"https:\/\/storchenschenke.at\/index.php?rest_route=\/wp\/v2\/users\/1"}],"replies":[{"embeddable":true,"href":"https:\/\/storchenschenke.at\/index.php?rest_route=%2Fwp%2Fv2%2Fcomments&post=757"}],"version-history":[{"count":37,"href":"https:\/\/storchenschenke.at\/index.php?rest_route=\/wp\/v2\/pages\/757\/revisions"}],"predecessor-version":[{"id":1077,"href":"https:\/\/storchenschenke.at\/index.php?rest_route=\/wp\/v2\/pages\/757\/revisions\/1077"}],"wp:attachment":[{"href":"https:\/\/storchenschenke.at\/index.php?rest_route=%2Fwp%2Fv2%2Fmedia&parent=757"}],"curies":[{"name":"wp","href":"https:\/\/api.w.org\/{rel}","templated":true}]}}